{"id":1987,"date":"2024-12-04T15:55:23","date_gmt":"2024-12-04T14:55:23","guid":{"rendered":"https:\/\/benyourologia.hu\/?page_id=1987"},"modified":"2024-12-06T12:04:37","modified_gmt":"2024-12-06T11:04:37","slug":"galeria","status":"publish","type":"page","link":"https:\/\/benyourologia.hu\/en\/galeria\/","title":{"rendered":"Gallery"},"content":{"rendered":"<div data-elementor-type=\"wp-page\" data-elementor-id=\"1987\" class=\"elementor elementor-1987\">\n\t\t\t\t<div class=\"elementor-element elementor-element-25290e4 e-flex e-con-boxed e-con e-parent\" data-id=\"25290e4\" data-element_type=\"container\">\n\t\t\t\t\t<div class=\"e-con-inner\">\n\t\t\t\t<div class=\"elementor-element elementor-element-321cf90 elementor-widget elementor-widget-heading\" data-id=\"321cf90\" data-element_type=\"widget\" data-widget_type=\"heading.default\">\n\t\t\t\t<div class=\"elementor-widget-container\">\n\t\t\t\t\t<h2 class=\"elementor-heading-title elementor-size-default\">Gallery<\/h2>\t\t\t\t<\/div>\n\t\t\t\t<\/div>\n\t\t\t\t<div class=\"elementor-element elementor-element-b637414 elementor-widget elementor-widget-text-editor\" data-id=\"b637414\" data-element_type=\"widget\" data-widget_type=\"text-editor.default\">\n\t\t\t\t<div class=\"elementor-widget-container\">\n\t\t\t\t\t\t\t\t\t<p><strong>\u201cTake a look into the world of our clinic!\u201d<\/strong><br \/>Get to know our modern environment, state-of-the-art equipment and dedicated team. In our photo gallery you can get a glimpse of the location of high-quality care!<\/p>\t\t\t\t\t\t\t\t<\/div>\n\t\t\t\t<\/div>\n\t\t\t\t\t<\/div>\n\t\t\t\t<\/div>\n\t\t<div class=\"elementor-element elementor-element-5cf7b06a e-flex e-con-boxed e-con e-parent\" data-id=\"5cf7b06a\" data-element_type=\"container\">\n\t\t\t\t\t<div class=\"e-con-inner\">\n\t\t\t\t<div class=\"elementor-element elementor-element-b3088c5 gallery-spacing-custom elementor-widget elementor-widget-image-gallery\" data-id=\"b3088c5\" data-element_type=\"widget\" data-widget_type=\"image-gallery.default\">\n\t\t\t\t<div class=\"elementor-widget-container\">\n\t\t\t\t\t\t\t<div class=\"elementor-image-gallery\">\n\t\t\t<div id='gallery-1' class='gallery galleryid-1987 gallery-columns-4 gallery-size-sydney-medium-thumb'><figure class='gallery-item'>\n\t\t\t<div class='gallery-icon landscape'>\n\t\t\t\t<a data-elementor-open-lightbox=\"yes\" data-elementor-lightbox-slideshow=\"b3088c5\" data-elementor-lightbox-title=\"1733402337727\" data-e-action-hash=\"#elementor-action%3Aaction%3Dlightbox%26settings%3DeyJpZCI6MjA0MCwidXJsIjoiaHR0cHM6XC9cL2JlbnlvdXJvbG9naWEuaHVcL3dwLWNvbnRlbnRcL3VwbG9hZHNcLzIwMjRcLzEyXC8xNzMzNDAyMzM3NzI3LXNjYWxlZC5qcGciLCJzbGlkZXNob3ciOiJiMzA4OGM1In0%3D\" href='https:\/\/benyourologia.hu\/wp-content\/uploads\/2024\/12\/1733402337727-scaled.jpg'><img fetchpriority=\"high\" decoding=\"async\" width=\"550\" height=\"400\" src=\"https:\/\/benyourologia.hu\/wp-content\/uploads\/2024\/12\/1733402337727-550x400.jpg\" class=\"attachment-sydney-medium-thumb size-sydney-medium-thumb\" alt=\"\" aria-describedby=\"gallery-1-2040\" srcset=\"https:\/\/benyourologia.hu\/wp-content\/uploads\/2024\/12\/1733402337727-550x400.jpg 550w, https:\/\/benyourologia.hu\/wp-content\/uploads\/2024\/12\/1733402337727-16x12.jpg 16w\" sizes=\"(max-width: 550px) 100vw, 550px\" \/><\/a>\n\t\t\t<\/div>\n\t\t\t\t<figcaption class='wp-caption-text gallery-caption' id='gallery-1-2040'>\n\t\t\t\tBenyo Urol\u00f3gia rendel\u0151\n\t\t\t\t<\/figcaption><\/figure><figure class='gallery-item'>\n\t\t\t<div class='gallery-icon landscape'>\n\t\t\t\t<a data-elementor-open-lightbox=\"yes\" data-elementor-lightbox-slideshow=\"b3088c5\" data-elementor-lightbox-title=\"1733402337733\" data-e-action-hash=\"#elementor-action%3Aaction%3Dlightbox%26settings%3DeyJpZCI6MjA0MSwidXJsIjoiaHR0cHM6XC9cL2JlbnlvdXJvbG9naWEuaHVcL3dwLWNvbnRlbnRcL3VwbG9hZHNcLzIwMjRcLzEyXC8xNzMzNDAyMzM3NzMzLXNjYWxlZC5qcGciLCJzbGlkZXNob3ciOiJiMzA4OGM1In0%3D\" href='https:\/\/benyourologia.hu\/wp-content\/uploads\/2024\/12\/1733402337733-scaled.jpg'><img decoding=\"async\" width=\"550\" height=\"400\" src=\"https:\/\/benyourologia.hu\/wp-content\/uploads\/2024\/12\/1733402337733-550x400.jpg\" class=\"attachment-sydney-medium-thumb size-sydney-medium-thumb\" alt=\"\" aria-describedby=\"gallery-1-2041\" srcset=\"https:\/\/benyourologia.hu\/wp-content\/uploads\/2024\/12\/1733402337733-550x400.jpg 550w, https:\/\/benyourologia.hu\/wp-content\/uploads\/2024\/12\/1733402337733-16x12.jpg 16w\" sizes=\"(max-width: 550px) 100vw, 550px\" \/><\/a>\n\t\t\t<\/div>\n\t\t\t\t<figcaption class='wp-caption-text gallery-caption' id='gallery-1-2041'>\n\t\t\t\tBenyo Urol\u00f3gia rendel\u0151\n\t\t\t\t<\/figcaption><\/figure><figure class='gallery-item'>\n\t\t\t<div class='gallery-icon landscape'>\n\t\t\t\t<a data-elementor-open-lightbox=\"yes\" data-elementor-lightbox-slideshow=\"b3088c5\" data-elementor-lightbox-title=\"zsuzsa rendel\u0151 3\" data-e-action-hash=\"#elementor-action%3Aaction%3Dlightbox%26settings%3DeyJpZCI6MjA0MywidXJsIjoiaHR0cHM6XC9cL2JlbnlvdXJvbG9naWEuaHVcL3dwLWNvbnRlbnRcL3VwbG9hZHNcLzIwMjRcLzEyXC96c3V6c2EtcmVuZGVsby0zLXNjYWxlZC5qcGciLCJzbGlkZXNob3ciOiJiMzA4OGM1In0%3D\" href='https:\/\/benyourologia.hu\/wp-content\/uploads\/2024\/12\/zsuzsa-rendelo-3-scaled.jpg'><img decoding=\"async\" width=\"550\" height=\"400\" src=\"https:\/\/benyourologia.hu\/wp-content\/uploads\/2024\/12\/zsuzsa-rendelo-3-550x400.jpg\" class=\"attachment-sydney-medium-thumb size-sydney-medium-thumb\" alt=\"\" aria-describedby=\"gallery-1-2043\" srcset=\"https:\/\/benyourologia.hu\/wp-content\/uploads\/2024\/12\/zsuzsa-rendelo-3-550x400.jpg 550w, https:\/\/benyourologia.hu\/wp-content\/uploads\/2024\/12\/zsuzsa-rendelo-3-16x12.jpg 16w\" sizes=\"(max-width: 550px) 100vw, 550px\" \/><\/a>\n\t\t\t<\/div>\n\t\t\t\t<figcaption class='wp-caption-text gallery-caption' id='gallery-1-2043'>\n\t\t\t\tBenyo Urol\u00f3gia rendel\u0151\n\t\t\t\t<\/figcaption><\/figure><figure class='gallery-item'>\n\t\t\t<div class='gallery-icon portrait'>\n\t\t\t\t<a data-elementor-open-lightbox=\"yes\" data-elementor-lightbox-slideshow=\"b3088c5\" data-elementor-lightbox-title=\"1733402337657\" data-e-action-hash=\"#elementor-action%3Aaction%3Dlightbox%26settings%3DeyJpZCI6MjAzNiwidXJsIjoiaHR0cHM6XC9cL2JlbnlvdXJvbG9naWEuaHVcL3dwLWNvbnRlbnRcL3VwbG9hZHNcLzIwMjRcLzEyXC8xNzMzNDAyMzM3NjU3LXNjYWxlZC5qcGciLCJzbGlkZXNob3ciOiJiMzA4OGM1In0%3D\" href='https:\/\/benyourologia.hu\/wp-content\/uploads\/2024\/12\/1733402337657-scaled.jpg'><img loading=\"lazy\" decoding=\"async\" width=\"550\" height=\"400\" src=\"https:\/\/benyourologia.hu\/wp-content\/uploads\/2024\/12\/1733402337657-550x400.jpg\" class=\"attachment-sydney-medium-thumb size-sydney-medium-thumb\" alt=\"\" aria-describedby=\"gallery-1-2036\" \/><\/a>\n\t\t\t<\/div>\n\t\t\t\t<figcaption class='wp-caption-text gallery-caption' id='gallery-1-2036'>\n\t\t\t\tBenyo Urol\u00f3gia rendel\u0151\n\t\t\t\t<\/figcaption><\/figure><figure class='gallery-item'>\n\t\t\t<div class='gallery-icon landscape'>\n\t\t\t\t<a data-elementor-open-lightbox=\"yes\" data-elementor-lightbox-slideshow=\"b3088c5\" data-elementor-lightbox-title=\"zsuzsa rendel\u0151 2\" data-e-action-hash=\"#elementor-action%3Aaction%3Dlightbox%26settings%3DeyJpZCI6MjA0MiwidXJsIjoiaHR0cHM6XC9cL2JlbnlvdXJvbG9naWEuaHVcL3dwLWNvbnRlbnRcL3VwbG9hZHNcLzIwMjRcLzEyXC96c3V6c2EtcmVuZGVsby0yLXNjYWxlZC5qcGciLCJzbGlkZXNob3ciOiJiMzA4OGM1In0%3D\" href='https:\/\/benyourologia.hu\/wp-content\/uploads\/2024\/12\/zsuzsa-rendelo-2-scaled.jpg'><img loading=\"lazy\" decoding=\"async\" width=\"550\" height=\"400\" src=\"https:\/\/benyourologia.hu\/wp-content\/uploads\/2024\/12\/zsuzsa-rendelo-2-550x400.jpg\" class=\"attachment-sydney-medium-thumb size-sydney-medium-thumb\" alt=\"\" aria-describedby=\"gallery-1-2042\" srcset=\"https:\/\/benyourologia.hu\/wp-content\/uploads\/2024\/12\/zsuzsa-rendelo-2-550x400.jpg 550w, https:\/\/benyourologia.hu\/wp-content\/uploads\/2024\/12\/zsuzsa-rendelo-2-16x12.jpg 16w\" sizes=\"(max-width: 550px) 100vw, 550px\" \/><\/a>\n\t\t\t<\/div>\n\t\t\t\t<figcaption class='wp-caption-text gallery-caption' id='gallery-1-2042'>\n\t\t\t\tBenyo Urol\u00f3gia rendel\u0151\n\t\t\t\t<\/figcaption><\/figure><figure class='gallery-item'>\n\t\t\t<div class='gallery-icon landscape'>\n\t\t\t\t<a data-elementor-open-lightbox=\"yes\" data-elementor-lightbox-slideshow=\"b3088c5\" data-elementor-lightbox-title=\"1733402337692\" data-e-action-hash=\"#elementor-action%3Aaction%3Dlightbox%26settings%3DeyJpZCI6MjAzOSwidXJsIjoiaHR0cHM6XC9cL2JlbnlvdXJvbG9naWEuaHVcL3dwLWNvbnRlbnRcL3VwbG9hZHNcLzIwMjRcLzEyXC8xNzMzNDAyMzM3NjkyLXNjYWxlZC5qcGciLCJzbGlkZXNob3ciOiJiMzA4OGM1In0%3D\" href='https:\/\/benyourologia.hu\/wp-content\/uploads\/2024\/12\/1733402337692-scaled.jpg'><img loading=\"lazy\" decoding=\"async\" width=\"550\" height=\"400\" src=\"https:\/\/benyourologia.hu\/wp-content\/uploads\/2024\/12\/1733402337692-550x400.jpg\" class=\"attachment-sydney-medium-thumb size-sydney-medium-thumb\" alt=\"\" aria-describedby=\"gallery-1-2039\" srcset=\"https:\/\/benyourologia.hu\/wp-content\/uploads\/2024\/12\/1733402337692-550x400.jpg 550w, https:\/\/benyourologia.hu\/wp-content\/uploads\/2024\/12\/1733402337692-16x12.jpg 16w\" sizes=\"(max-width: 550px) 100vw, 550px\" \/><\/a>\n\t\t\t<\/div>\n\t\t\t\t<figcaption class='wp-caption-text gallery-caption' id='gallery-1-2039'>\n\t\t\t\tBenyo Urol\u00f3gia rendel\u0151\n\t\t\t\t<\/figcaption><\/figure><figure class='gallery-item'>\n\t\t\t<div class='gallery-icon portrait'>\n\t\t\t\t<a data-elementor-open-lightbox=\"yes\" data-elementor-lightbox-slideshow=\"b3088c5\" data-elementor-lightbox-title=\"zsuzsa rendel\u0151\" data-e-action-hash=\"#elementor-action%3Aaction%3Dlightbox%26settings%3DeyJpZCI6MjA0NCwidXJsIjoiaHR0cHM6XC9cL2JlbnlvdXJvbG9naWEuaHVcL3dwLWNvbnRlbnRcL3VwbG9hZHNcLzIwMjRcLzEyXC96c3V6c2EtcmVuZGVsby1zY2FsZWQuanBnIiwic2xpZGVzaG93IjoiYjMwODhjNSJ9\" href='https:\/\/benyourologia.hu\/wp-content\/uploads\/2024\/12\/zsuzsa-rendelo-scaled.jpg'><img loading=\"lazy\" decoding=\"async\" width=\"550\" height=\"400\" src=\"https:\/\/benyourologia.hu\/wp-content\/uploads\/2024\/12\/zsuzsa-rendelo-550x400.jpg\" class=\"attachment-sydney-medium-thumb size-sydney-medium-thumb\" alt=\"\" aria-describedby=\"gallery-1-2044\" \/><\/a>\n\t\t\t<\/div>\n\t\t\t\t<figcaption class='wp-caption-text gallery-caption' id='gallery-1-2044'>\n\t\t\t\tBenyo Urol\u00f3gia rendel\u0151\n\t\t\t\t<\/figcaption><\/figure><figure class='gallery-item'>\n\t\t\t<div class='gallery-icon portrait'>\n\t\t\t\t<a data-elementor-open-lightbox=\"yes\" data-elementor-lightbox-slideshow=\"b3088c5\" data-elementor-lightbox-title=\"1706876784902\" data-e-action-hash=\"#elementor-action%3Aaction%3Dlightbox%26settings%3DeyJpZCI6MTk4OSwidXJsIjoiaHR0cHM6XC9cL2JlbnlvdXJvbG9naWEuaHVcL3dwLWNvbnRlbnRcL3VwbG9hZHNcLzIwMjRcLzEyXC8xNzA2ODc2Nzg0OTAyLXNjYWxlZC5qcGciLCJzbGlkZXNob3ciOiJiMzA4OGM1In0%3D\" href='https:\/\/benyourologia.hu\/wp-content\/uploads\/2024\/12\/1706876784902-scaled.jpg'><img loading=\"lazy\" decoding=\"async\" width=\"550\" height=\"400\" src=\"https:\/\/benyourologia.hu\/wp-content\/uploads\/2024\/12\/1706876784902-550x400.jpg\" class=\"attachment-sydney-medium-thumb size-sydney-medium-thumb\" alt=\"\" aria-describedby=\"gallery-1-1989\" \/><\/a>\n\t\t\t<\/div>\n\t\t\t\t<figcaption class='wp-caption-text gallery-caption' id='gallery-1-1989'>\n\t\t\t\tBenyo Urol\u00f3gia rendel\u0151\n\t\t\t\t<\/figcaption><\/figure><figure class='gallery-item'>\n\t\t\t<div class='gallery-icon portrait'>\n\t\t\t\t<a data-elementor-open-lightbox=\"yes\" data-elementor-lightbox-slideshow=\"b3088c5\" data-elementor-lightbox-title=\"1733402337663\" data-e-action-hash=\"#elementor-action%3Aaction%3Dlightbox%26settings%3DeyJpZCI6MjAzNywidXJsIjoiaHR0cHM6XC9cL2JlbnlvdXJvbG9naWEuaHVcL3dwLWNvbnRlbnRcL3VwbG9hZHNcLzIwMjRcLzEyXC8xNzMzNDAyMzM3NjYzLXNjYWxlZC5qcGciLCJzbGlkZXNob3ciOiJiMzA4OGM1In0%3D\" href='https:\/\/benyourologia.hu\/wp-content\/uploads\/2024\/12\/1733402337663-scaled.jpg'><img loading=\"lazy\" decoding=\"async\" width=\"550\" height=\"400\" src=\"https:\/\/benyourologia.hu\/wp-content\/uploads\/2024\/12\/1733402337663-550x400.jpg\" class=\"attachment-sydney-medium-thumb size-sydney-medium-thumb\" alt=\"\" aria-describedby=\"gallery-1-2037\" \/><\/a>\n\t\t\t<\/div>\n\t\t\t\t<figcaption class='wp-caption-text gallery-caption' id='gallery-1-2037'>\n\t\t\t\tBenyo Urol\u00f3gia rendel\u0151\n\t\t\t\t<\/figcaption><\/figure><figure class='gallery-item'>\n\t\t\t<div class='gallery-icon portrait'>\n\t\t\t\t<a data-elementor-open-lightbox=\"yes\" data-elementor-lightbox-slideshow=\"b3088c5\" data-elementor-lightbox-title=\"1706876802363\" data-e-action-hash=\"#elementor-action%3Aaction%3Dlightbox%26settings%3DeyJpZCI6MTk5MCwidXJsIjoiaHR0cHM6XC9cL2JlbnlvdXJvbG9naWEuaHVcL3dwLWNvbnRlbnRcL3VwbG9hZHNcLzIwMjRcLzEyXC8xNzA2ODc2ODAyMzYzLXNjYWxlZC5qcGciLCJzbGlkZXNob3ciOiJiMzA4OGM1In0%3D\" href='https:\/\/benyourologia.hu\/wp-content\/uploads\/2024\/12\/1706876802363-scaled.jpg'><img loading=\"lazy\" decoding=\"async\" width=\"550\" height=\"400\" src=\"https:\/\/benyourologia.hu\/wp-content\/uploads\/2024\/12\/1706876802363-550x400.jpg\" class=\"attachment-sydney-medium-thumb size-sydney-medium-thumb\" alt=\"\" aria-describedby=\"gallery-1-1990\" \/><\/a>\n\t\t\t<\/div>\n\t\t\t\t<figcaption class='wp-caption-text gallery-caption' id='gallery-1-1990'>\n\t\t\t\tBenyo Urol\u00f3gia rendel\u0151\n\t\t\t\t<\/figcaption><\/figure><figure class='gallery-item'>\n\t\t\t<div class='gallery-icon landscape'>\n\t\t\t\t<a data-elementor-open-lightbox=\"yes\" data-elementor-lightbox-slideshow=\"b3088c5\" data-elementor-lightbox-title=\"FertiMed-main-2\" data-e-action-hash=\"#elementor-action%3Aaction%3Dlightbox%26settings%3DeyJpZCI6MTIxNSwidXJsIjoiaHR0cHM6XC9cL2JlbnlvdXJvbG9naWEuaHVcL3dwLWNvbnRlbnRcL3VwbG9hZHNcLzIwMjRcLzEyXC9GZXJ0aU1lZC1tYWluLTIuanBnIiwic2xpZGVzaG93IjoiYjMwODhjNSJ9\" href='https:\/\/benyourologia.hu\/wp-content\/uploads\/2024\/12\/FertiMed-main-2.jpg'><img loading=\"lazy\" decoding=\"async\" width=\"550\" height=\"400\" src=\"https:\/\/benyourologia.hu\/wp-content\/uploads\/2024\/12\/FertiMed-main-2-550x400.jpg\" class=\"attachment-sydney-medium-thumb size-sydney-medium-thumb\" alt=\"\" \/><\/a>\n\t\t\t<\/div><\/figure><figure class='gallery-item'>\n\t\t\t<div class='gallery-icon landscape'>\n\t\t\t\t<a data-elementor-open-lightbox=\"yes\" data-elementor-lightbox-slideshow=\"b3088c5\" data-elementor-lightbox-title=\"dr-benyo-matyas-bemutatkozas-main\" data-e-action-hash=\"#elementor-action%3Aaction%3Dlightbox%26settings%3DeyJpZCI6MTYyNCwidXJsIjoiaHR0cHM6XC9cL2JlbnlvdXJvbG9naWEuaHVcL3dwLWNvbnRlbnRcL3VwbG9hZHNcLzIwMjRcLzEyXC9kci1iZW55by1tYXR5YXMtYmVtdXRhdGtvemFzLW1haW4tMi5qcGciLCJzbGlkZXNob3ciOiJiMzA4OGM1In0%3D\" href='https:\/\/benyourologia.hu\/wp-content\/uploads\/2024\/12\/dr-benyo-matyas-bemutatkozas-main-2.jpg'><img loading=\"lazy\" decoding=\"async\" width=\"550\" height=\"400\" src=\"https:\/\/benyourologia.hu\/wp-content\/uploads\/2024\/12\/dr-benyo-matyas-bemutatkozas-main-2-550x400.jpg\" class=\"attachment-sydney-medium-thumb size-sydney-medium-thumb\" alt=\"Dr. Beny\u00f3 M\u00e1ty\u00e1s PhD.\" srcset=\"https:\/\/benyourologia.hu\/wp-content\/uploads\/2024\/12\/dr-benyo-matyas-bemutatkozas-main-2-550x400.jpg 550w, https:\/\/benyourologia.hu\/wp-content\/uploads\/2024\/12\/dr-benyo-matyas-bemutatkozas-main-2-18x12.jpg 18w\" sizes=\"(max-width: 550px) 100vw, 550px\" \/><\/a>\n\t\t\t<\/div><\/figure>\n\t\t<\/div>\n\t\t<\/div>\n\t\t\t\t\t\t<\/div>\n\t\t\t\t<\/div>\n\t\t\t\t\t<\/div>\n\t\t\t\t<\/div>\n\t\t\t\t<\/div>","protected":false},"excerpt":{"rendered":"<p>Gal\u00e9ria &#8222;Tekintsen be rendel\u0151nk vil\u00e1g\u00e1ba!&#8221;Ismerje meg modern k\u00f6rnyezet\u00fcnket, korszer\u0171 eszk\u00f6zeinket \u00e9s elhivatott csapatunkat. Fot\u00f3gal\u00e9ri\u00e1nkban bepillant\u00e1st nyerhet a magas sz\u00ednvonal\u00fa ell\u00e1t\u00e1s helysz\u00edn\u00e9be! Benyo [&hellip;]<\/p>","protected":false},"author":1,"featured_media":0,"parent":0,"menu_order":0,"comment_status":"closed","ping_status":"open","template":"elementor_header_footer","meta":{"footnotes":""},"class_list":["post-1987","page","type-page","status-publish","hentry"],"yoast_head":"<!-- This site is optimized with the Yoast SEO plugin v24.2 - https:\/\/yoast.com\/wordpress\/plugins\/seo\/ -->\n<title>Gal\u00e9ria - Beny\u00f3 Urol\u00f3gia<\/title>\n<meta name=\"robots\" content=\"index, follow, max-snippet:-1, max-image-preview:large, max-video-preview:-1\" \/>\n<link rel=\"canonical\" href=\"https:\/\/benyourologia.hu\/en\/galeria\/\" \/>\n<meta property=\"og:locale\" content=\"en_GB\" \/>\n<meta property=\"og:type\" content=\"article\" \/>\n<meta property=\"og:title\" content=\"Gal\u00e9ria - Beny\u00f3 Urol\u00f3gia\" \/>\n<meta property=\"og:description\" content=\"Gal\u00e9ria &#8222;Tekintsen be rendel\u0151nk vil\u00e1g\u00e1ba!&#8221;Ismerje meg modern k\u00f6rnyezet\u00fcnket, korszer\u0171 eszk\u00f6zeinket \u00e9s elhivatott csapatunkat. Fot\u00f3gal\u00e9ri\u00e1nkban bepillant\u00e1st nyerhet a magas sz\u00ednvonal\u00fa ell\u00e1t\u00e1s helysz\u00edn\u00e9be! Benyo [&hellip;]\" \/>\n<meta property=\"og:url\" content=\"https:\/\/benyourologia.hu\/en\/galeria\/\" \/>\n<meta property=\"og:site_name\" content=\"Beny\u00f3 Urol\u00f3gia\" \/>\n<meta property=\"article:publisher\" content=\"https:\/\/www.facebook.com\/benyourologia\/?locale=hu_HU\" \/>\n<meta property=\"article:modified_time\" content=\"2024-12-06T11:04:37+00:00\" \/>\n<meta property=\"og:image\" content=\"https:\/\/benyourologia.hu\/wp-content\/uploads\/2024\/12\/1733402337727-550x400.jpg\" \/>\n<meta name=\"twitter:card\" content=\"summary_large_image\" \/>\n<script type=\"application\/ld+json\" class=\"yoast-schema-graph\">{\"@context\":\"https:\/\/schema.org\",\"@graph\":[{\"@type\":\"WebPage\",\"@id\":\"https:\/\/benyourologia.hu\/galeria\/\",\"url\":\"https:\/\/benyourologia.hu\/galeria\/\",\"name\":\"Gal\u00e9ria - Beny\u00f3 Urol\u00f3gia\",\"isPartOf\":{\"@id\":\"https:\/\/benyourologia.hu\/#website\"},\"primaryImageOfPage\":{\"@id\":\"https:\/\/benyourologia.hu\/galeria\/#primaryimage\"},\"image\":{\"@id\":\"https:\/\/benyourologia.hu\/galeria\/#primaryimage\"},\"thumbnailUrl\":\"https:\/\/benyourologia.hu\/wp-content\/uploads\/2024\/12\/1733402337727-550x400.jpg\",\"datePublished\":\"2024-12-04T14:55:23+00:00\",\"dateModified\":\"2024-12-06T11:04:37+00:00\",\"breadcrumb\":{\"@id\":\"https:\/\/benyourologia.hu\/galeria\/#breadcrumb\"},\"inLanguage\":\"en-GB\",\"potentialAction\":[{\"@type\":\"ReadAction\",\"target\":[\"https:\/\/benyourologia.hu\/galeria\/\"]}]},{\"@type\":\"ImageObject\",\"inLanguage\":\"en-GB\",\"@id\":\"https:\/\/benyourologia.hu\/galeria\/#primaryimage\",\"url\":\"https:\/\/benyourologia.hu\/wp-content\/uploads\/2024\/12\/1733402337727-550x400.jpg\",\"contentUrl\":\"https:\/\/benyourologia.hu\/wp-content\/uploads\/2024\/12\/1733402337727-550x400.jpg\"},{\"@type\":\"BreadcrumbList\",\"@id\":\"https:\/\/benyourologia.hu\/galeria\/#breadcrumb\",\"itemListElement\":[{\"@type\":\"ListItem\",\"position\":1,\"name\":\"Kezd\u0151lap\",\"item\":\"https:\/\/benyourologia.hu\/\"},{\"@type\":\"ListItem\",\"position\":2,\"name\":\"Gal\u00e9ria\"}]},{\"@type\":\"WebSite\",\"@id\":\"https:\/\/benyourologia.hu\/#website\",\"url\":\"https:\/\/benyourologia.hu\/\",\"name\":\"Beny\u00f3 Urol\u00f3gia\",\"description\":\"Dr. Beny\u00f3 M\u00e1ty\u00e1s PhD, egyetemi adjunktus, urul\u00f3gus, androl\u00f3gus mag\u00e1nrendel\u00e9se\",\"publisher\":{\"@id\":\"https:\/\/benyourologia.hu\/#organization\"},\"potentialAction\":[{\"@type\":\"SearchAction\",\"target\":{\"@type\":\"EntryPoint\",\"urlTemplate\":\"https:\/\/benyourologia.hu\/?s={search_term_string}\"},\"query-input\":{\"@type\":\"PropertyValueSpecification\",\"valueRequired\":true,\"valueName\":\"search_term_string\"}}],\"inLanguage\":\"en-GB\"},{\"@type\":\"Organization\",\"@id\":\"https:\/\/benyourologia.hu\/#organization\",\"name\":\"Beny\u00f3 Urol\u00f3gia\",\"url\":\"https:\/\/benyourologia.hu\/\",\"logo\":{\"@type\":\"ImageObject\",\"inLanguage\":\"en-GB\",\"@id\":\"https:\/\/benyourologia.hu\/#\/schema\/logo\/image\/\",\"url\":\"https:\/\/benyourologia.hu\/wp-content\/uploads\/2024\/12\/benyo-urologia-logo-300-1.png\",\"contentUrl\":\"https:\/\/benyourologia.hu\/wp-content\/uploads\/2024\/12\/benyo-urologia-logo-300-1.png\",\"width\":300,\"height\":121,\"caption\":\"Beny\u00f3 Urol\u00f3gia\"},\"image\":{\"@id\":\"https:\/\/benyourologia.hu\/#\/schema\/logo\/image\/\"},\"sameAs\":[\"https:\/\/www.facebook.com\/benyourologia\/?locale=hu_HU\"]}]}<\/script>\n<!-- \/ Yoast SEO plugin. -->","yoast_head_json":{"title":"Gal\u00e9ria - Beny\u00f3 Urol\u00f3gia","robots":{"index":"index","follow":"follow","max-snippet":"max-snippet:-1","max-image-preview":"max-image-preview:large","max-video-preview":"max-video-preview:-1"},"canonical":"https:\/\/benyourologia.hu\/en\/galeria\/","og_locale":"en_GB","og_type":"article","og_title":"Gal\u00e9ria - Beny\u00f3 Urol\u00f3gia","og_description":"Gal\u00e9ria &#8222;Tekintsen be rendel\u0151nk vil\u00e1g\u00e1ba!&#8221;Ismerje meg modern k\u00f6rnyezet\u00fcnket, korszer\u0171 eszk\u00f6zeinket \u00e9s elhivatott csapatunkat. Fot\u00f3gal\u00e9ri\u00e1nkban bepillant\u00e1st nyerhet a magas sz\u00ednvonal\u00fa ell\u00e1t\u00e1s helysz\u00edn\u00e9be! Benyo [&hellip;]","og_url":"https:\/\/benyourologia.hu\/en\/galeria\/","og_site_name":"Beny\u00f3 Urol\u00f3gia","article_publisher":"https:\/\/www.facebook.com\/benyourologia\/?locale=hu_HU","article_modified_time":"2024-12-06T11:04:37+00:00","og_image":[{"url":"https:\/\/benyourologia.hu\/wp-content\/uploads\/2024\/12\/1733402337727-550x400.jpg","type":"","width":"","height":""}],"twitter_card":"summary_large_image","schema":{"@context":"https:\/\/schema.org","@graph":[{"@type":"WebPage","@id":"https:\/\/benyourologia.hu\/galeria\/","url":"https:\/\/benyourologia.hu\/galeria\/","name":"Gal\u00e9ria - Beny\u00f3 Urol\u00f3gia","isPartOf":{"@id":"https:\/\/benyourologia.hu\/#website"},"primaryImageOfPage":{"@id":"https:\/\/benyourologia.hu\/galeria\/#primaryimage"},"image":{"@id":"https:\/\/benyourologia.hu\/galeria\/#primaryimage"},"thumbnailUrl":"https:\/\/benyourologia.hu\/wp-content\/uploads\/2024\/12\/1733402337727-550x400.jpg","datePublished":"2024-12-04T14:55:23+00:00","dateModified":"2024-12-06T11:04:37+00:00","breadcrumb":{"@id":"https:\/\/benyourologia.hu\/galeria\/#breadcrumb"},"inLanguage":"en-GB","potentialAction":[{"@type":"ReadAction","target":["https:\/\/benyourologia.hu\/galeria\/"]}]},{"@type":"ImageObject","inLanguage":"en-GB","@id":"https:\/\/benyourologia.hu\/galeria\/#primaryimage","url":"https:\/\/benyourologia.hu\/wp-content\/uploads\/2024\/12\/1733402337727-550x400.jpg","contentUrl":"https:\/\/benyourologia.hu\/wp-content\/uploads\/2024\/12\/1733402337727-550x400.jpg"},{"@type":"BreadcrumbList","@id":"https:\/\/benyourologia.hu\/galeria\/#breadcrumb","itemListElement":[{"@type":"ListItem","position":1,"name":"Kezd\u0151lap","item":"https:\/\/benyourologia.hu\/"},{"@type":"ListItem","position":2,"name":"Gal\u00e9ria"}]},{"@type":"WebSite","@id":"https:\/\/benyourologia.hu\/#website","url":"https:\/\/benyourologia.hu\/","name":"Beny\u00f3 Urol\u00f3gia","description":"Dr. Beny\u00f3 M\u00e1ty\u00e1s PhD, egyetemi adjunktus, urul\u00f3gus, androl\u00f3gus mag\u00e1nrendel\u00e9se","publisher":{"@id":"https:\/\/benyourologia.hu\/#organization"},"potentialAction":[{"@type":"SearchAction","target":{"@type":"EntryPoint","urlTemplate":"https:\/\/benyourologia.hu\/?s={search_term_string}"},"query-input":{"@type":"PropertyValueSpecification","valueRequired":true,"valueName":"search_term_string"}}],"inLanguage":"en-GB"},{"@type":"Organization","@id":"https:\/\/benyourologia.hu\/#organization","name":"Beny\u00f3 Urol\u00f3gia","url":"https:\/\/benyourologia.hu\/","logo":{"@type":"ImageObject","inLanguage":"en-GB","@id":"https:\/\/benyourologia.hu\/#\/schema\/logo\/image\/","url":"https:\/\/benyourologia.hu\/wp-content\/uploads\/2024\/12\/benyo-urologia-logo-300-1.png","contentUrl":"https:\/\/benyourologia.hu\/wp-content\/uploads\/2024\/12\/benyo-urologia-logo-300-1.png","width":300,"height":121,"caption":"Beny\u00f3 Urol\u00f3gia"},"image":{"@id":"https:\/\/benyourologia.hu\/#\/schema\/logo\/image\/"},"sameAs":["https:\/\/www.facebook.com\/benyourologia\/?locale=hu_HU"]}]}},"_links":{"self":[{"href":"https:\/\/benyourologia.hu\/en\/wp-json\/wp\/v2\/pages\/1987","targetHints":{"allow":["GET"]}}],"collection":[{"href":"https:\/\/benyourologia.hu\/en\/wp-json\/wp\/v2\/pages"}],"about":[{"href":"https:\/\/benyourologia.hu\/en\/wp-json\/wp\/v2\/types\/page"}],"author":[{"embeddable":true,"href":"https:\/\/benyourologia.hu\/en\/wp-json\/wp\/v2\/users\/1"}],"replies":[{"embeddable":true,"href":"https:\/\/benyourologia.hu\/en\/wp-json\/wp\/v2\/comments?post=1987"}],"version-history":[{"count":13,"href":"https:\/\/benyourologia.hu\/en\/wp-json\/wp\/v2\/pages\/1987\/revisions"}],"predecessor-version":[{"id":2050,"href":"https:\/\/benyourologia.hu\/en\/wp-json\/wp\/v2\/pages\/1987\/revisions\/2050"}],"wp:attachment":[{"href":"https:\/\/benyourologia.hu\/en\/wp-json\/wp\/v2\/media?parent=1987"}],"curies":[{"name":"wp","href":"https:\/\/api.w.org\/{rel}","templated":true}]}}